{"id":2131,"date":"2023-10-27T13:27:06","date_gmt":"2023-10-27T13:27:06","guid":{"rendered":"https:\/\/cloanfashion.com\/?page_id=2131"},"modified":"2023-10-27T13:28:46","modified_gmt":"2023-10-27T13:28:46","slug":"politica-de-cookies","status":"publish","type":"page","link":"https:\/\/cloanfashion.com\/index.php\/politica-de-cookies\/","title":{"rendered":"Pol\u00edtica de Cookies"},"content":{"rendered":"\n<p>Pol\u00edtica de cookies<br>\u00daltima actualizaci\u00f3n el 17 de agosto de 2023<br>Fecha de vigencia 17 de agosto de 2023<\/p>\n\n\n\n<p>Esta Pol\u00edtica de Privacidad describe las pol\u00edticas de CLOAN THE FASHION COMPANY SL, RONDA PONENT, 183 6 PTA.4., BARCELONA 08206, Espa\u00f1a, correo electr\u00f3nico: info@cloanfashion.com, sobre la recopilaci\u00f3n, uso y divulgaci\u00f3n de su informaci\u00f3n que recopilamos cuando utiliza nuestro sitio web (https:\/\/cloanfashion.com\/). (el servicio\u00bb). Al acceder o utilizar el Servicio, usted acepta la recopilaci\u00f3n, el uso y la divulgaci\u00f3n de su informaci\u00f3n de acuerdo con esta Pol\u00edtica de Privacidad. Si no acepta lo mismo, no acceda ni utilice el Servicio.<br>Podemos modificar esta Pol\u00edtica de Privacidad en cualquier momento sin previo aviso y publicaremos la Pol\u00edtica de Privacidad revisada en el Servicio. La Pol\u00edtica revisada entrar\u00e1 en vigencia 180 d\u00edas a partir de la fecha en que se publique en el Servicio y su acceso o uso continuo del Servicio despu\u00e9s de ese tiempo constituir\u00e1 su aceptaci\u00f3n de la Pol\u00edtica de privacidad revisada. Por ello le recomendamos que revise peri\u00f3dicamente esta p\u00e1gina.<\/p>\n\n\n\n<p>C\u00f3mo utilizamos su informaci\u00f3n:<br>Utilizaremos la informaci\u00f3n que recopilamos sobre usted para los siguientes fines:<\/p>\n\n\n\n<p>Marketing\/Promoci\u00f3n<br>Testimonios<br>Recopilaci\u00f3n de comentarios de clientes<br>Hacer cumplir los t\u00e9rminos y condiciones<br>Apoyo<br>informaci\u00f3n de administraci\u00f3n<br>Publicidad dirigida<br>Si queremos utilizar su informaci\u00f3n para cualquier otro prop\u00f3sito, le pediremos su consentimiento y usaremos su informaci\u00f3n solo al recibir su consentimiento y luego, solo para los fines para los cuales otorgamos el consentimiento, a menos que estemos obligados a hacer lo contrario por ley.<\/p>\n\n\n\n<p>Tus derechos:<br>Dependiendo de la ley que se aplique, puede tener derecho a acceder y rectificar o borrar sus datos personales o recibir una copia de sus datos personales, restringir u oponerse al procesamiento activo de sus datos, solicitarnos que compartamos (portemos) sus datos personales. informaci\u00f3n a otra entidad, retirar cualquier consentimiento que nos haya brindado para procesar sus datos, el derecho a presentar una queja ante una autoridad legal y otros derechos que puedan ser relevantes seg\u00fan las leyes aplicables. Para ejercer estos derechos, puede escribirnos a info@cloanfashion.com. Responderemos a su solicitud de acuerdo con la ley aplicable.<br>Tenga en cuenta que si no nos permite recopilar o procesar la informaci\u00f3n personal requerida o retirar el consentimiento para procesarla para los fines requeridos, es posible que no pueda acceder ni utilizar los servicios para los cuales se busc\u00f3 su informaci\u00f3n.<\/p>\n\n\n\n<p>Galletas, etc.<br>Para obtener m\u00e1s informaci\u00f3n sobre c\u00f3mo las utilizamos y sus opciones en relaci\u00f3n con estas tecnolog\u00edas de seguimiento, consulte nuestra Pol\u00edtica de cookies.<\/p>\n\n\n\n<p>Seguridad:<br>La seguridad de su informaci\u00f3n es importante para nosotros y utilizaremos medidas de seguridad razonables para evitar la p\u00e9rdida, el uso indebido o la alteraci\u00f3n no autorizada de su informaci\u00f3n bajo nuestro control. Sin embargo, dados los riesgos inherentes, no podemos garantizar una seguridad absoluta y, en consecuencia, no podemos asegurar ni garantizar la seguridad de la informaci\u00f3n que usted nos transmite y lo hace bajo su propio riesgo.<\/p>\n\n\n\n<p>Delegado de Quejas\/Protecci\u00f3n de Datos:<br>Si tiene alguna consulta o inquietud sobre el procesamiento de su informaci\u00f3n que est\u00e1 disponible con nosotros, puede enviar un correo electr\u00f3nico a nuestro Oficial de Reclamaciones en CLOAN THE FASHION COMPANY SL, RONDA PONENT, 183 6 PTA.4., correo electr\u00f3nico: info@cloanfashion.com. Atenderemos sus inquietudes de acuerdo con la ley aplicable.<\/p>\n","protected":false},"excerpt":{"rendered":"<p>Pol\u00edtica de cookies\u00daltima actualizaci\u00f3n el 17 de agosto de 2023Fecha de vigencia 17 de agosto de 2023 Esta Pol\u00edtica de Privacidad describe las pol\u00edticas de CLOAN THE FASHION COMPANY SL, RONDA PONENT, 183 6 PTA.4., BARCELONA 08206, Espa\u00f1a, correo electr\u00f3nico: info@cloanfashion.com, sobre la recopilaci\u00f3n, uso y divulgaci\u00f3n de su informaci\u00f3n que recopilamos cuando utiliza nuestro &#8230; <a title=\"Pol\u00edtica de Cookies\" class=\"read-more\" href=\"https:\/\/cloanfashion.com\/index.php\/politica-de-cookies\/\" aria-label=\"M\u00e1s en Pol\u00edtica de Cookies\">Leer m\u00e1s<\/a><\/p>\n","protected":false},"author":1,"featured_media":0,"parent":0,"menu_order":0,"comment_status":"closed","ping_status":"closed","template":"","meta":{"footnotes":""},"class_list":["post-2131","page","type-page","status-publish"],"_links":{"self":[{"href":"https:\/\/cloanfashion.com\/index.php\/wp-json\/wp\/v2\/pages\/2131","targetHints":{"allow":["GET"]}}],"collection":[{"href":"https:\/\/cloanfashion.com\/index.php\/wp-json\/wp\/v2\/pages"}],"about":[{"href":"https:\/\/cloanfashion.com\/index.php\/wp-json\/wp\/v2\/types\/page"}],"author":[{"embeddable":true,"href":"https:\/\/cloanfashion.com\/index.php\/wp-json\/wp\/v2\/users\/1"}],"replies":[{"embeddable":true,"href":"https:\/\/cloanfashion.com\/index.php\/wp-json\/wp\/v2\/comments?post=2131"}],"version-history":[{"count":2,"href":"https:\/\/cloanfashion.com\/index.php\/wp-json\/wp\/v2\/pages\/2131\/revisions"}],"predecessor-version":[{"id":2133,"href":"https:\/\/cloanfashion.com\/index.php\/wp-json\/wp\/v2\/pages\/2131\/revisions\/2133"}],"wp:attachment":[{"href":"https:\/\/cloanfashion.com\/index.php\/wp-json\/wp\/v2\/media?parent=2131"}],"curies":[{"name":"wp","href":"https:\/\/api.w.org\/{rel}","templated":true}]}}