{"id":2134,"date":"2023-10-27T13:34:42","date_gmt":"2023-10-27T13:34:42","guid":{"rendered":"https:\/\/cloanfashion.com\/?page_id=2134"},"modified":"2023-10-27T13:39:50","modified_gmt":"2023-10-27T13:39:50","slug":"aviso-legal","status":"publish","type":"page","link":"https:\/\/cloanfashion.com\/index.php\/aviso-legal\/","title":{"rendered":"Aviso Legal"},"content":{"rendered":"\n<p>En cumplimiento de lo establecido en la Ley 34\/2002, de 11 de julio, de Servicios de la Sociedad de la Informaci\u00f3n y de Comercio Electr\u00f3nico, le informamos que la titularidad del sitio web www.cloanfashion.com corresponde a:<\/p>\n\n\n\n<p>Nombre de la Empresa: CLOAN THE FASHION COMPANY SL<\/p>\n\n\n\n<p>Direcci\u00f3n: RONDA PONENT, 183 6 PTA.4. 08206, SABADELL, BARCELONA<\/p>\n\n\n\n<p>CIF: B04982435<\/p>\n\n\n\n<p>Correo Electr\u00f3nico: info@cloanfashion-com<\/p>\n\n\n\n<p>Delegaciones: Hasta la fecha de conocimiento, no disponemos de delegaciones.<\/p>\n\n\n\n<p>El acceso y uso del Sitio Web est\u00e1n sujetos a las siguientes condiciones de uso:<\/p>\n\n\n\n<p>Aceptaci\u00f3n de las Condiciones de Uso:<\/p>\n\n\n\n<p>Al acceder y utilizar el Sitio Web, usted acepta plenamente y sin reservas las presentes condiciones de uso. Si no est\u00e1 de acuerdo con estas condiciones, le rogamos que no utilice el Sitio Web.<\/p>\n\n\n\n<p>Propiedad Intelectual e Industrial:<\/p>\n\n\n\n<p>Los contenidos del Sitio Web, incluyendo, entre otros, textos, im\u00e1genes, logotipos, gr\u00e1ficos, dise\u00f1os, programas inform\u00e1ticos, son propiedad de CLOAN THE FASHION COMPANY SL y est\u00e1n protegidos por las leyes de propiedad intelectual e industrial.<\/p>\n\n\n\n<p>Uso del Sitio Web:<\/p>\n\n\n\n<p>El usuario se compromete a utilizar el Sitio Web de forma diligente, correcta y de conformidad con la ley y con las presentes condiciones. Queda prohibido cualquier uso del Sitio Web con fines il\u00edcitos o que puedan lesionar los derechos e intereses de CLOAN THE FASHION COMPANY SL o de terceros.<\/p>\n\n\n\n<p>Responsabilidad:<\/p>\n\n\n\n<p>CLOAN THE FASHION COMPANY SL no se hace responsable de los da\u00f1os que puedan derivarse del uso de la informaci\u00f3n contenida en el Sitio Web ni de la falta de disponibilidad o accesibilidad al mismo.<\/p>\n\n\n\n<p>Pol\u00edtica de Privacidad:<\/p>\n\n\n\n<p>Los datos personales proporcionados por los usuarios a trav\u00e9s del Sitio Web se tratar\u00e1n de acuerdo con nuestra Pol\u00edtica de Privacidad.<\/p>\n\n\n\n<p>Enlaces a Terceros:<\/p>\n\n\n\n<p>El Sitio Web puede contener enlaces a sitios web de terceros. CLOAN THE FASHION COMPANY SL no se hace responsable del contenido ni de las pr\u00e1cticas de privacidad de estos sitios web.<\/p>\n\n\n\n<p>Legislaci\u00f3n Aplicable:<\/p>\n\n\n\n<p>Estas condiciones se rigen por la legislaci\u00f3n espa\u00f1ola. Cualquier disputa que surja en relaci\u00f3n con el Sitio Web o su uso se someter\u00e1 a la jurisdicci\u00f3n de los tribunales de Barcelona.<\/p>\n\n\n\n<p>Contacto:<\/p>\n\n\n\n<p>Si tiene alguna pregunta o comentario sobre estas condiciones de uso, puede ponerse en contacto con nosotros a trav\u00e9s de la direcci\u00f3n de correo electr\u00f3nico proporcionada.<\/p>\n\n\n\n<p>Actualizaci\u00f3n de las Condiciones:<\/p>\n\n\n\n<p>CLOAN THE FASHION COMPANY SL se reserva el derecho de actualizar o modificar estas condiciones en cualquier momento. Por tanto, se recomienda revisarlas peri\u00f3dicamente.<\/p>\n\n\n\n<p>Le agradecemos que haya le\u00eddo estas condiciones de uso y le invitamos a continuar explorando nuestro Sitio Web.<\/p>\n\n\n\n<p>Fecha de la \u00faltima actualizaci\u00f3n: 27\/10\/2023<\/p>\n","protected":false},"excerpt":{"rendered":"<p>En cumplimiento de lo establecido en la Ley 34\/2002, de 11 de julio, de Servicios de la Sociedad de la Informaci\u00f3n y de Comercio Electr\u00f3nico, le informamos que la titularidad del sitio web www.cloanfashion.com corresponde a: Nombre de la Empresa: CLOAN THE FASHION COMPANY SL Direcci\u00f3n: RONDA PONENT, 183 6 PTA.4. 08206, SABADELL, BARCELONA CIF: &#8230; <a title=\"Aviso Legal\" class=\"read-more\" href=\"https:\/\/cloanfashion.com\/index.php\/aviso-legal\/\" aria-label=\"M\u00e1s en Aviso Legal\">Leer m\u00e1s<\/a><\/p>\n","protected":false},"author":1,"featured_media":0,"parent":0,"menu_order":0,"comment_status":"closed","ping_status":"closed","template":"","meta":{"footnotes":""},"class_list":["post-2134","page","type-page","status-publish"],"_links":{"self":[{"href":"https:\/\/cloanfashion.com\/index.php\/wp-json\/wp\/v2\/pages\/2134","targetHints":{"allow":["GET"]}}],"collection":[{"href":"https:\/\/cloanfashion.com\/index.php\/wp-json\/wp\/v2\/pages"}],"about":[{"href":"https:\/\/cloanfashion.com\/index.php\/wp-json\/wp\/v2\/types\/page"}],"author":[{"embeddable":true,"href":"https:\/\/cloanfashion.com\/index.php\/wp-json\/wp\/v2\/users\/1"}],"replies":[{"embeddable":true,"href":"https:\/\/cloanfashion.com\/index.php\/wp-json\/wp\/v2\/comments?post=2134"}],"version-history":[{"count":3,"href":"https:\/\/cloanfashion.com\/index.php\/wp-json\/wp\/v2\/pages\/2134\/revisions"}],"predecessor-version":[{"id":2141,"href":"https:\/\/cloanfashion.com\/index.php\/wp-json\/wp\/v2\/pages\/2134\/revisions\/2141"}],"wp:attachment":[{"href":"https:\/\/cloanfashion.com\/index.php\/wp-json\/wp\/v2\/media?parent=2134"}],"curies":[{"name":"wp","href":"https:\/\/api.w.org\/{rel}","templated":true}]}}